{"id":12,"date":"2023-10-09T10:54:54","date_gmt":"2023-10-09T13:54:54","guid":{"rendered":"https:\/\/futebolnavitrine.com.br\/?page_id=12"},"modified":"2023-10-09T10:54:54","modified_gmt":"2023-10-09T13:54:54","slug":"termos-e-condicoes","status":"publish","type":"page","link":"https:\/\/futebolnavitrine.com.br\/de\/termos-e-condicoes\/","title":{"rendered":"Gesch\u00e4ftsbedingungen"},"content":{"rendered":"<html><body><h2><span style=\"color: #444444;\">1. Begriffe<\/span><\/h2>\n<p><span style=\"color: #444444;\">Wenn Sie die Website aufrufen <a href=\"https:\/\/futebolnavitrine.com.br\/de\/\">Fu\u00dfball in der Vitrine<\/a>Wenn Sie sich mit diesen Nutzungsbedingungen einverstanden erkl\u00e4ren, stimmen Sie zu, alle geltenden Gesetze und Vorschriften einzuhalten, und Sie erkl\u00e4ren sich damit einverstanden, dass Sie f\u00fcr die Einhaltung aller geltenden lokalen Gesetze verantwortlich sind. Wenn Sie einer dieser Bedingungen nicht zustimmen, ist es Ihnen untersagt, diese Website zu nutzen oder darauf zuzugreifen. Die auf dieser Website enthaltenen Materialien sind durch die geltenden Urheberrechts- und Markengesetze gesch\u00fctzt.<\/span><\/p>\n<h2><span style=\"color: #444444;\">2. Verwendung des F\u00fchrerscheins<\/span><\/h2>\n<p><span style=\"color: #444444;\">Es wird die Erlaubnis erteilt, eine Kopie der Materialien (Informationen oder Software) auf der Website von Futebol Na Vitrine nur f\u00fcr den pers\u00f6nlichen, nicht-kommerziellen Gebrauch herunterzuladen. Dies ist die Gew\u00e4hrung einer Lizenz, nicht eine \u00dcbertragung des Eigentumsrechts, und unter dieser Lizenz d\u00fcrfen Sie nicht:\u00a0<\/span><\/p>\n<ol>\n<li><span style=\"color: #444444;\">die Materialien zu ver\u00e4ndern oder zu kopieren;\u00a0<\/span><\/li>\n<li><span style=\"color: #444444;\">das Material f\u00fcr kommerzielle Zwecke oder zur \u00f6ffentlichen Darstellung (kommerziell oder nicht kommerziell) zu verwenden;\u00a0<\/span><\/li>\n<li><span style=\"color: #444444;\">zu versuchen, die auf der Website von Futebol Na Vitrine enthaltene Software zu dekompilieren oder zur\u00fcckzuentwickeln;\u00a0<\/span><\/li>\n<li><span style=\"color: #444444;\">Urheberrechts- oder andere Eigentumsvermerke aus den Materialien zu entfernen; oder\u00a0<\/span><\/li>\n<li><span style=\"color: #444444;\">transferir os materiais para outra pessoa ou \u2018espelhe\u2019 os materiais em qualquer outro servidor.<\/span><\/li>\n<\/ol>\n<p><span style=\"color: #444444;\">Diese Lizenz erlischt automatisch, wenn Sie gegen eine dieser Einschr\u00e4nkungen versto\u00dfen, und kann von Futebol Na Vitrine jederzeit gek\u00fcndigt werden. Nach Beendigung der Betrachtung dieser Materialien oder nach Beendigung dieser Lizenz m\u00fcssen Sie alle heruntergeladenen Materialien in Ihrem Besitz, ob in elektronischer oder gedruckter Form, l\u00f6schen.<\/span><\/p>\n<h2><span style=\"color: #444444;\">3. Haftungsausschluss<\/span><\/h2>\n<ol>\n<li><span style=\"color: #444444;\">Os materiais no site da Futebol Na Vitrine s\u00e3o fornecidos \u2018como est\u00e3o\u2019. Futebol Na Vitrine n\u00e3o oferece garantias, expressas ou impl\u00edcitas, e, por este meio, isenta e nega todas as outras garantias, incluindo, sem limita\u00e7\u00e3o, garantias impl\u00edcitas ou condi\u00e7\u00f5es de comercializa\u00e7\u00e3o, adequa\u00e7\u00e3o a um fim espec\u00edfico ou n\u00e3o viola\u00e7\u00e3o de propriedade intelectual ou outra viola\u00e7\u00e3o de direitos.<\/span><\/li>\n<li><span style=\"color: #444444;\">Dar\u00fcber hinaus \u00fcbernimmt Futebol Na Vitrine keine Gew\u00e4hr f\u00fcr die Richtigkeit, die wahrscheinlichen Ergebnisse oder die Zuverl\u00e4ssigkeit der Nutzung der Materialien auf seiner Website oder in anderer Weise in Bezug auf diese Materialien oder auf Websites, die mit dieser Website verkn\u00fcpft sind, und macht auch keine Zusicherungen.<\/span><\/li>\n<\/ol>\n<h2><span style=\"color: #444444;\">4. Beschr\u00e4nkungen<\/span><\/h2>\n<p><span style=\"color: #444444;\">In keinem Fall sind Futebol Na Vitrine oder seine Lieferanten haftbar f\u00fcr Sch\u00e4den (einschlie\u00dflich, ohne Einschr\u00e4nkung, Sch\u00e4den f\u00fcr Datenverlust oder Gewinn, oder aufgrund von Gesch\u00e4ftsunterbrechungen), die sich aus der Nutzung oder Unm\u00f6glichkeit der Nutzung der Materialien auf Futebol Na Vitrine ergeben, auch wenn Futebol Na Vitrine oder ein autorisierter Vertreter von Futebol Na Vitrine m\u00fcndlich oder schriftlich \u00fcber die M\u00f6glichkeit solcher Sch\u00e4den informiert wurde. Da einige Gerichtsbarkeiten keine Beschr\u00e4nkungen von stillschweigenden Garantien oder Haftungsbeschr\u00e4nkungen f\u00fcr Folgesch\u00e4den oder zuf\u00e4llige Sch\u00e4den zulassen, gelten diese Beschr\u00e4nkungen m\u00f6glicherweise nicht f\u00fcr Sie.<\/span><\/p>\n<h2><span style=\"color: #444444;\">5. Genauigkeit der Materialien<\/span><\/h2>\n<p><span style=\"color: #444444;\">Das Material auf der Website von Futebol Na Vitrine kann technische, typografische oder fotografische Fehler enthalten. Futebol Na Vitrine \u00fcbernimmt keine Gew\u00e4hr f\u00fcr die Richtigkeit, Vollst\u00e4ndigkeit und Aktualit\u00e4t der Inhalte dieser Website. Futebol Na Vitrine beh\u00e4lt sich das Recht vor, jederzeit und ohne Vorank\u00fcndigung \u00c4nderungen an den Materialien auf seiner Website vorzunehmen. Futebol Na Vitrine \u00fcbernimmt jedoch keine Verpflichtung zur Aktualisierung der Materialien.<\/span><\/p>\n<h2><span style=\"color: #444444;\">6. Links<\/span><\/h2>\n<p><span style=\"color: #444444;\">Futebol Na Vitrine hat nicht alle Websites, die mit seiner Website verlinkt sind, analysiert und ist nicht verantwortlich f\u00fcr den Inhalt der verlinkten Websites. Die Aufnahme eines Links bedeutet nicht, dass Futebol Na Vitrine die Website billigt. Die Nutzung einer verlinkten Website erfolgt auf eigenes Risiko.<\/span><\/p>\n<p>\u00a0<\/p>\n<h3><span style=\"color: #444444;\">\u00c4nderungen<\/span><\/h3>\n<p><span style=\"color: #444444;\">Futebol Na Vitrine kann diese Nutzungsbedingungen jederzeit und ohne Vorank\u00fcndigung \u00fcberarbeiten. Durch die Nutzung dieser Website erkl\u00e4ren Sie sich mit der aktuellen Version dieser Nutzungsbedingungen einverstanden.<\/span><\/p>\n<h3><span style=\"color: #444444;\">Anwendbares Recht<\/span><\/h3>\n<p><span style=\"color: #444444;\">Diese Bedingungen unterliegen den Gesetzen von Futebol Na Vitrine und Sie unterwerfen sich unwiderruflich der ausschlie\u00dflichen Gerichtsbarkeit der Gerichte dieses Staates oder Ortes.<\/span><\/p>\n<\/body><\/html>","protected":false},"excerpt":{"rendered":"<p>1. Termos Ao acessar ao site Futebol Na Vitrine, concorda em cumprir estes termos de servi\u00e7o, todas as leis e regulamentos aplic\u00e1veis \u200b\u200be concorda que \u00e9 respons\u00e1vel pelo cumprimento de todas as leis locais aplic\u00e1veis. Se voc\u00ea n\u00e3o concordar com algum desses termos, est\u00e1 proibido de usar ou acessar este site. Os materiais contidos neste [&hellip;]<\/p>\n","protected":false},"author":5,"featured_media":0,"parent":0,"menu_order":200,"comment_status":"closed","ping_status":"closed","template":"","meta":{"footnotes":""},"class_list":["post-12","page","type-page","status-publish","hentry"],"_links":{"self":[{"href":"https:\/\/futebolnavitrine.com.br\/de\/wp-json\/wp\/v2\/pages\/12","targetHints":{"allow":["GET"]}}],"collection":[{"href":"https:\/\/futebolnavitrine.com.br\/de\/wp-json\/wp\/v2\/pages"}],"about":[{"href":"https:\/\/futebolnavitrine.com.br\/de\/wp-json\/wp\/v2\/types\/page"}],"author":[{"embeddable":true,"href":"https:\/\/futebolnavitrine.com.br\/de\/wp-json\/wp\/v2\/users\/5"}],"replies":[{"embeddable":true,"href":"https:\/\/futebolnavitrine.com.br\/de\/wp-json\/wp\/v2\/comments?post=12"}],"version-history":[{"count":1,"href":"https:\/\/futebolnavitrine.com.br\/de\/wp-json\/wp\/v2\/pages\/12\/revisions"}],"predecessor-version":[{"id":17,"href":"https:\/\/futebolnavitrine.com.br\/de\/wp-json\/wp\/v2\/pages\/12\/revisions\/17"}],"wp:attachment":[{"href":"https:\/\/futebolnavitrine.com.br\/de\/wp-json\/wp\/v2\/media?parent=12"}],"curies":[{"name":"wp","href":"https:\/\/api.w.org\/{rel}","templated":true}]}}