{"id":13,"date":"2023-10-09T10:54:40","date_gmt":"2023-10-09T13:54:40","guid":{"rendered":"https:\/\/futebolnavitrine.com.br\/?page_id=13"},"modified":"2023-10-09T10:54:40","modified_gmt":"2023-10-09T13:54:40","slug":"quem-somos-paixao-pelo-futebol-na-vitrine","status":"publish","type":"page","link":"https:\/\/futebolnavitrine.com.br\/de\/quem-somos-paixao-pelo-futebol-na-vitrine\/","title":{"rendered":"Wer wir sind: Die Leidenschaft f\u00fcr den Fu\u00dfball im Schaufenster"},"content":{"rendered":"<html><body><p>Willkommen bei Football in the Showcase, Ihrer zuverl\u00e4ssigen und leidenschaftlichen Informationsquelle \u00fcber die beliebteste Sportart der Welt. Wir sind ein engagiertes Team von Fu\u00dfballbegeisterten, die die gleiche Leidenschaft teilen: die Leidenschaft f\u00fcr das Spiel, die Spieler und die Momente, die den Fu\u00dfball so besonders machen.<\/p>\n<p><strong>Unser Auftrag<\/strong><\/p>\n<p>Unser Ziel ist es, Ihnen, dem Leser, eine umfassende und ansprechende Berichterstattung \u00fcber die Welt des Fu\u00dfballs im Schaufenster zu bieten. Wir wollen ein einzigartiges Erlebnis schaffen, indem wir Ihnen Nachrichten, Analysen, Meinungen und faszinierende Geschichten bieten, die das Wesen des Sports einfangen. Wir glauben, dass Fu\u00dfball weit \u00fcber die vier Linien des Spielfelds hinausgeht, und wir wollen all die Nuancen und Geschichten erforschen, die dieses Spiel so unglaublich machen.<\/p>\n<p><strong>Autorit\u00e4t und Fachwissen<\/strong><\/p>\n<p>Das Team hinter Football in the Shop Window besteht aus Autoren und Experten, die jahrelange Erfahrung in der Welt des Fu\u00dfballs gesammelt haben. Von preisgekr\u00f6nten Sportjournalisten \u00fcber Trainer mit praktischem Wissen bis hin zu leidenschaftlichen Ex-Spielern - unser Team teilt sein Wissen und seine Erkenntnisse gerne mit Ihnen.<\/p>\n<p>Dar\u00fcber hinaus wollen wir unsere Leser \u00fcber die neuesten Nachrichten und Trends in der Welt des Fu\u00dfballs auf dem Laufenden halten. Wir verfolgen die gro\u00dfen Ligen, Mannschaften und Spieler genau und liefern detaillierte Analysen, genaue Statistiken und fundierte Meinungen.<\/p>\n<p><strong>Was Sie von uns erwarten k\u00f6nnen<\/strong><\/p>\n<p>Bei Fu\u00dfball im Schaufenster k\u00f6nnen Sie warten:<\/p>\n<ol>\n<li><strong>Aktuelle Nachrichten<\/strong>: Bleiben Sie auf dem Laufenden \u00fcber die neuesten Nachrichten aus der Welt des Fu\u00dfballs.<\/li>\n<li><strong>Eingehende Analysen<\/strong>Taktische Analysen, Spielerleistungen und Mannschaftsstrategien erforschen.<\/li>\n<li><strong>Inspirierende Geschichten<\/strong>Entdecken Sie Geschichten von \u00dcberwindung, spannenden Momenten und Karrieren von Spielern, die den Sport gepr\u00e4gt haben.<\/li>\n<li><strong>Informierte Stellungnahmen<\/strong>Lesen Sie informierte Meinungen zu relevanten Themen im Fu\u00dfball.<\/li>\n<li><strong>Globale Abdeckung<\/strong>Verfolgen Sie Fu\u00dfball aus der ganzen Welt, von den Top-Ligen bis zu den unteren Ligen.<\/li>\n<\/ol>\n<p><strong>Verbinden Sie sich mit uns<\/strong><\/p>\n<p>Wir freuen uns darauf, unsere Leidenschaft f\u00fcr Fu\u00dfball mit Ihnen zu teilen. Folgen Sie uns in den sozialen Medien, kommentieren Sie unsere Artikel und teilen Sie Ihre eigenen Geschichten und Meinungen. Wir sch\u00e4tzen die Gemeinschaft, die wir aufbauen, und freuen uns darauf, Ihre Ansichten zu h\u00f6ren und mit Ihnen zu interagieren.<\/p>\n<p>Vielen Dank, dass Sie uns als Ihre vertrauensw\u00fcrdige Quelle f\u00fcr Fu\u00dfballinformationen gew\u00e4hlt haben. Gemeinsam werden wir weiterhin diesen unglaublichen Sport feiern, der Menschen aus der ganzen Welt vereint.<\/p>\n<p>Bei Fragen, Anregungen oder Kooperationen k\u00f6nnen Sie sich jederzeit an uns wenden. Lassen Sie uns gemeinsam die spannende Welt des Fu\u00dfballs im Schaufenster erkunden.<\/p>\n<p>Das Team von \"Fu\u00dfball im Schaufenster\" hat eine Leidenschaft f\u00fcr das Spiel.<\/p>\n<hr>\n<\/body><\/html>","protected":false},"excerpt":{"rendered":"<p>Bem-vindo ao Futebol na Vitrine, a sua fonte confi\u00e1vel e apaixonada de informa\u00e7\u00f5es sobre o esporte mais amado do mundo. Somos uma equipe dedicada de entusiastas do futebol que compartilham a mesma paix\u00e3o: a paix\u00e3o pelo jogo, pelos jogadores e pelos momentos que fazem o futebol t\u00e3o especial. Nossa Miss\u00e3o Nossa miss\u00e3o \u00e9 levar a [&hellip;]<\/p>\n","protected":false},"author":5,"featured_media":0,"parent":0,"menu_order":200,"comment_status":"closed","ping_status":"closed","template":"","meta":{"footnotes":""},"class_list":["post-13","page","type-page","status-publish","hentry"],"_links":{"self":[{"href":"https:\/\/futebolnavitrine.com.br\/de\/wp-json\/wp\/v2\/pages\/13","targetHints":{"allow":["GET"]}}],"collection":[{"href":"https:\/\/futebolnavitrine.com.br\/de\/wp-json\/wp\/v2\/pages"}],"about":[{"href":"https:\/\/futebolnavitrine.com.br\/de\/wp-json\/wp\/v2\/types\/page"}],"author":[{"embeddable":true,"href":"https:\/\/futebolnavitrine.com.br\/de\/wp-json\/wp\/v2\/users\/5"}],"replies":[{"embeddable":true,"href":"https:\/\/futebolnavitrine.com.br\/de\/wp-json\/wp\/v2\/comments?post=13"}],"version-history":[{"count":1,"href":"https:\/\/futebolnavitrine.com.br\/de\/wp-json\/wp\/v2\/pages\/13\/revisions"}],"predecessor-version":[{"id":18,"href":"https:\/\/futebolnavitrine.com.br\/de\/wp-json\/wp\/v2\/pages\/13\/revisions\/18"}],"wp:attachment":[{"href":"https:\/\/futebolnavitrine.com.br\/de\/wp-json\/wp\/v2\/media?parent=13"}],"curies":[{"name":"wp","href":"https:\/\/api.w.org\/{rel}","templated":true}]}}