{"id":12,"date":"2023-10-09T10:54:54","date_gmt":"2023-10-09T13:54:54","guid":{"rendered":"https:\/\/futebolnavitrine.com.br\/?page_id=12"},"modified":"2023-10-09T10:54:54","modified_gmt":"2023-10-09T13:54:54","slug":"termos-e-condicoes","status":"publish","type":"page","link":"https:\/\/futebolnavitrine.com.br\/en\/termos-e-condicoes\/","title":{"rendered":"Terms and conditions"},"content":{"rendered":"<html><body><h2><span style=\"color: #444444;\">1. terms<\/span><\/h2>\n<p><span style=\"color: #444444;\">When accessing the site <a href=\"https:\/\/futebolnavitrine.com.br\/en\/\">Football in the Showcase<\/a>If you agree to be bound by these terms of service, you agree to comply with all applicable laws and regulations, and you agree that you are responsible for compliance with any applicable local laws. If you do not agree to any of these terms, you are prohibited from using or accessing this site. The materials on this site are protected by applicable copyright and trademark laws.<\/span><\/p>\n<h2><span style=\"color: #444444;\">2. License use<\/span><\/h2>\n<p><span style=\"color: #444444;\">Permission is granted to temporarily download one copy of the materials (information or software) on Futebol Na Vitrine's web site for personal, non-commercial transitory viewing only. This is a grant of a license, not a transfer of title, and under this license you may not:\u00a0<\/span><\/p>\n<ol>\n<li><span style=\"color: #444444;\">modify or copy the materials;\u00a0<\/span><\/li>\n<li><span style=\"color: #444444;\">use the materials for any commercial purpose or for public display (commercial or non-commercial);\u00a0<\/span><\/li>\n<li><span style=\"color: #444444;\">attempt to decompile or reverse engineer any software contained on the Futebol Na Vitrine website;\u00a0<\/span><\/li>\n<li><span style=\"color: #444444;\">remove any copyright or other proprietary notations from the materials; or\u00a0<\/span><\/li>\n<li><span style=\"color: #444444;\">transferir os materiais para outra pessoa ou \u2018espelhe\u2019 os materiais em qualquer outro servidor.<\/span><\/li>\n<\/ol>\n<p><span style=\"color: #444444;\">This license shall automatically terminate if you violate any of these restrictions and may be terminated by Futebol Na Vitrine at any time. Upon terminating your viewing of these materials or upon the termination of this license, you must delete all downloaded materials in your possession, whether in electronic or printed format.<\/span><\/p>\n<h2><span style=\"color: #444444;\">3. Disclaimer<\/span><\/h2>\n<ol>\n<li><span style=\"color: #444444;\">Os materiais no site da Futebol Na Vitrine s\u00e3o fornecidos \u2018como est\u00e3o\u2019. Futebol Na Vitrine n\u00e3o oferece garantias, expressas ou impl\u00edcitas, e, por este meio, isenta e nega todas as outras garantias, incluindo, sem limita\u00e7\u00e3o, garantias impl\u00edcitas ou condi\u00e7\u00f5es de comercializa\u00e7\u00e3o, adequa\u00e7\u00e3o a um fim espec\u00edfico ou n\u00e3o viola\u00e7\u00e3o de propriedade intelectual ou outra viola\u00e7\u00e3o de direitos.<\/span><\/li>\n<li><span style=\"color: #444444;\">Further, Futebol Na Vitrine does not warrant or make any representations concerning the accuracy, likely results, or reliability of the use of the materials on its Internet web site or otherwise relating to such materials or on any sites linked to this site.<\/span><\/li>\n<\/ol>\n<h2><span style=\"color: #444444;\">4. Limitations<\/span><\/h2>\n<p><span style=\"color: #444444;\">In no event shall Futebol Na Vitrine or its suppliers be liable for any damages (including, without limitation, damages for loss of data or profit, or due to business interruption) arising out of the use or inability to use the materials on Futebol Na Vitrine, even if Futebol Na Vitrine or a Futebol Na Vitrine authorized representative has been notified orally or in writing of the possibility of such damage. Because some jurisdictions do not allow limitations on implied warranties, or limitations of liability for consequential or incidental damages, these limitations may not apply to you.<\/span><\/p>\n<h2><span style=\"color: #444444;\">5. Accuracy of materials<\/span><\/h2>\n<p><span style=\"color: #444444;\">The materials appearing on Futebol Na Vitrine's web site could include technical, typographical, or photographic errors. Futebol Na Vitrine does not warrant that any of the materials on its web site are accurate, complete, or current. Futebol Na Vitrine may make changes to the materials contained on its web site at any time without notice. However Futebol Na Vitrine does not make any commitment to update the materials.<\/span><\/p>\n<h2><span style=\"color: #444444;\">6. Links<\/span><\/h2>\n<p><span style=\"color: #444444;\">Futebol Na Vitrine has not reviewed all of the sites linked to its website and is not responsible for the contents of any such linked site. The inclusion of any link does not imply endorsement by Futebol Na Vitrine of the site. Use of any linked site is at the user's own risk.<\/span><\/p>\n<p>\u00a0<\/p>\n<h3><span style=\"color: #444444;\">Modifications<\/span><\/h3>\n<p><span style=\"color: #444444;\">Futebol Na Vitrine may revise these terms of service at any time without notice. By using this site, you agree to be bound by the current version of these terms of service.<\/span><\/p>\n<h3><span style=\"color: #444444;\">Applicable law<\/span><\/h3>\n<p><span style=\"color: #444444;\">These terms and conditions are governed by and construed in accordance with the laws of Futebol Na Vitrine and you irrevocably submit to the exclusive jurisdiction of the courts in that state or location.<\/span><\/p>\n<\/body><\/html>","protected":false},"excerpt":{"rendered":"<p>1. Termos Ao acessar ao site Futebol Na Vitrine, concorda em cumprir estes termos de servi\u00e7o, todas as leis e regulamentos aplic\u00e1veis \u200b\u200be concorda que \u00e9 respons\u00e1vel pelo cumprimento de todas as leis locais aplic\u00e1veis. Se voc\u00ea n\u00e3o concordar com algum desses termos, est\u00e1 proibido de usar ou acessar este site. Os materiais contidos neste [&hellip;]<\/p>\n","protected":false},"author":5,"featured_media":0,"parent":0,"menu_order":200,"comment_status":"closed","ping_status":"closed","template":"","meta":{"footnotes":""},"class_list":["post-12","page","type-page","status-publish","hentry"],"_links":{"self":[{"href":"https:\/\/futebolnavitrine.com.br\/en\/wp-json\/wp\/v2\/pages\/12","targetHints":{"allow":["GET"]}}],"collection":[{"href":"https:\/\/futebolnavitrine.com.br\/en\/wp-json\/wp\/v2\/pages"}],"about":[{"href":"https:\/\/futebolnavitrine.com.br\/en\/wp-json\/wp\/v2\/types\/page"}],"author":[{"embeddable":true,"href":"https:\/\/futebolnavitrine.com.br\/en\/wp-json\/wp\/v2\/users\/5"}],"replies":[{"embeddable":true,"href":"https:\/\/futebolnavitrine.com.br\/en\/wp-json\/wp\/v2\/comments?post=12"}],"version-history":[{"count":1,"href":"https:\/\/futebolnavitrine.com.br\/en\/wp-json\/wp\/v2\/pages\/12\/revisions"}],"predecessor-version":[{"id":17,"href":"https:\/\/futebolnavitrine.com.br\/en\/wp-json\/wp\/v2\/pages\/12\/revisions\/17"}],"wp:attachment":[{"href":"https:\/\/futebolnavitrine.com.br\/en\/wp-json\/wp\/v2\/media?parent=12"}],"curies":[{"name":"wp","href":"https:\/\/api.w.org\/{rel}","templated":true}]}}