{"id":12,"date":"2023-10-09T10:54:54","date_gmt":"2023-10-09T13:54:54","guid":{"rendered":"https:\/\/futebolnavitrine.com.br\/?page_id=12"},"modified":"2023-10-09T10:54:54","modified_gmt":"2023-10-09T13:54:54","slug":"termos-e-condicoes","status":"publish","type":"page","link":"https:\/\/futebolnavitrine.com.br\/es_ar\/termos-e-condicoes\/","title":{"rendered":"T\u00e9rminos y Condiciones"},"content":{"rendered":"<html><body><h2><span style=\"color: #444444;\">1. T\u00e9rminos<\/span><\/h2>\n<p><span style=\"color: #444444;\">Al acceder al sitio web <a href=\"https:\/\/futebolnavitrine.com.br\/es_ar\/\">F\u00fatbol en el escaparate<\/a>, usted acepta cumplir con estos t\u00e9rminos de servicio, todas las leyes y regulaciones aplicables, y acepta que es responsable del cumplimiento de las leyes locales aplicables. Si no est\u00e1 de acuerdo con alguno de estos t\u00e9rminos, tiene prohibido usar o acceder a este sitio. Los materiales contenidos en este sitio est\u00e1n protegidos por las leyes de derechos de autor y marcas comerciales aplicables.<\/span><\/p>\n<h2><span style=\"color: #444444;\">2. Uso de licencia<\/span><\/h2>\n<p><span style=\"color: #444444;\">Se concede permiso para descargar temporalmente una copia de los materiales (informaci\u00f3n o software) en el sitio web de Futebol Na Vitrine para visualizaci\u00f3n transitoria personal y no comercial \u00fanicamente. Esta es la concesi\u00f3n de una licencia, no una transferencia de t\u00edtulo, y bajo esta licencia usted no puede:\u00a0<\/span><\/p>\n<ol>\n<li><span style=\"color: #444444;\">modificar o copiar los materiales;\u00a0<\/span><\/li>\n<li><span style=\"color: #444444;\">utilizar los materiales para cualquier fin comercial o para exhibici\u00f3n p\u00fablica (comercial o no comercial);\u00a0<\/span><\/li>\n<li><span style=\"color: #444444;\">intentar descompilar o aplicar ingenier\u00eda inversa a cualquier software contenido en el sitio web de Futebol Na Vitrine;\u00a0<\/span><\/li>\n<li><span style=\"color: #444444;\">eliminar cualquier copyright u otras anotaciones de propiedad de los materiales; o\u00a0<\/span><\/li>\n<li><span style=\"color: #444444;\">transferir os materiais para outra pessoa ou \u2018espelhe\u2019 os materiais em qualquer outro servidor.<\/span><\/li>\n<\/ol>\n<p><span style=\"color: #444444;\">Esta licencia terminar\u00e1 autom\u00e1ticamente si usted viola cualquiera de estas restricciones y Futebol Na Vitrine podr\u00e1 rescindirla en cualquier momento. Al finalizar la visualizaci\u00f3n de estos materiales o al finalizar esta licencia, debe eliminar cualquier material descargado que tenga en su poder, ya sea en formato electr\u00f3nico o impreso.<\/span><\/p>\n<h2><span style=\"color: #444444;\">3. Descargo de responsabilidad<\/span><\/h2>\n<ol>\n<li><span style=\"color: #444444;\">Os materiais no site da Futebol Na Vitrine s\u00e3o fornecidos \u2018como est\u00e3o\u2019. Futebol Na Vitrine n\u00e3o oferece garantias, expressas ou impl\u00edcitas, e, por este meio, isenta e nega todas as outras garantias, incluindo, sem limita\u00e7\u00e3o, garantias impl\u00edcitas ou condi\u00e7\u00f5es de comercializa\u00e7\u00e3o, adequa\u00e7\u00e3o a um fim espec\u00edfico ou n\u00e3o viola\u00e7\u00e3o de propriedade intelectual ou outra viola\u00e7\u00e3o de direitos.<\/span><\/li>\n<li><span style=\"color: #444444;\">Adem\u00e1s, Futebol Na Vitrine no garantiza ni hace ninguna declaraci\u00f3n con respecto a la exactitud, los resultados probables o la confiabilidad del uso de los materiales en su sitio web o de otro modo en relaci\u00f3n con dichos materiales o en cualquier sitio vinculado a este sitio.<\/span><\/li>\n<\/ol>\n<h2><span style=\"color: #444444;\">4. Limitaciones<\/span><\/h2>\n<p><span style=\"color: #444444;\">En ning\u00fan caso Futebol Na Vitrine o sus proveedores ser\u00e1n responsables de los da\u00f1os (incluidos, entre otros, da\u00f1os por p\u00e9rdida de datos o ganancias, o debido a la interrupci\u00f3n del negocio) que surjan del uso o la imposibilidad de usar los materiales en Futebol Na Vitrine. , incluso si Futebol Na Vitrine o un representante autorizado de Futebol Na Vitrine haya sido notificado oralmente o por escrito de la posibilidad de tales da\u00f1os. Debido a que algunas jurisdicciones no permiten limitaciones a las garant\u00edas impl\u00edcitas o limitaciones de responsabilidad por da\u00f1os consecuentes o incidentales, es posible que estas limitaciones no se apliquen a usted.<\/span><\/p>\n<h2><span style=\"color: #444444;\">5. Precisi\u00f3n de materiales<\/span><\/h2>\n<p><span style=\"color: #444444;\">Los materiales que aparecen en el sitio web de Futebol Na Vitrine podr\u00edan incluir errores t\u00e9cnicos, tipogr\u00e1ficos o fotogr\u00e1ficos. Futebol Na Vitrine no garantiza que ning\u00fan material en su sitio web sea exacto, completo o actual. Futebol Na Vitrine puede realizar cambios en los materiales contenidos en su sitio web en cualquier momento sin previo aviso. Sin embargo Futebol Na Vitrine no asume ning\u00fan compromiso de actualizaci\u00f3n de los materiales.<\/span><\/p>\n<h2><span style=\"color: #444444;\">6. Enlaces<\/span><\/h2>\n<p><span style=\"color: #444444;\">Futebol Na Vitrine no ha revisado todos los sitios vinculados a su sitio web y no es responsable del contenido de ning\u00fan sitio vinculado. La inclusi\u00f3n de cualquier v\u00ednculo no implica aprobaci\u00f3n por parte de Futebol Na Vitrine del sitio. El uso de cualquier sitio vinculado es bajo el propio riesgo del usuario.<\/span><\/p>\n<p>\u00a0<\/p>\n<h3><span style=\"color: #444444;\">Modificaciones<\/span><\/h3>\n<p><span style=\"color: #444444;\">Futebol Na Vitrine puede revisar estos t\u00e9rminos de servicio de su sitio web en cualquier momento sin previo aviso. Al utilizar este sitio web, usted acepta estar sujeto a la versi\u00f3n actual de estos t\u00e9rminos de servicio.<\/span><\/p>\n<h3><span style=\"color: #444444;\">Ley aplicable<\/span><\/h3>\n<p><span style=\"color: #444444;\">Estos t\u00e9rminos y condiciones se rigen e interpretan de acuerdo con las leyes de Futebol Na Vitrine y usted se somete irrevocablemente a la jurisdicci\u00f3n exclusiva de los tribunales de ese estado o ubicaci\u00f3n.<\/span><\/p>\n<\/body><\/html>","protected":false},"excerpt":{"rendered":"<p>1. Termos Ao acessar ao site Futebol Na Vitrine, concorda em cumprir estes termos de servi\u00e7o, todas as leis e regulamentos aplic\u00e1veis \u200b\u200be concorda que \u00e9 respons\u00e1vel pelo cumprimento de todas as leis locais aplic\u00e1veis. Se voc\u00ea n\u00e3o concordar com algum desses termos, est\u00e1 proibido de usar ou acessar este site. Os materiais contidos neste [&hellip;]<\/p>\n","protected":false},"author":5,"featured_media":0,"parent":0,"menu_order":200,"comment_status":"closed","ping_status":"closed","template":"","meta":{"footnotes":""},"class_list":["post-12","page","type-page","status-publish","hentry"],"_links":{"self":[{"href":"https:\/\/futebolnavitrine.com.br\/es_ar\/wp-json\/wp\/v2\/pages\/12","targetHints":{"allow":["GET"]}}],"collection":[{"href":"https:\/\/futebolnavitrine.com.br\/es_ar\/wp-json\/wp\/v2\/pages"}],"about":[{"href":"https:\/\/futebolnavitrine.com.br\/es_ar\/wp-json\/wp\/v2\/types\/page"}],"author":[{"embeddable":true,"href":"https:\/\/futebolnavitrine.com.br\/es_ar\/wp-json\/wp\/v2\/users\/5"}],"replies":[{"embeddable":true,"href":"https:\/\/futebolnavitrine.com.br\/es_ar\/wp-json\/wp\/v2\/comments?post=12"}],"version-history":[{"count":1,"href":"https:\/\/futebolnavitrine.com.br\/es_ar\/wp-json\/wp\/v2\/pages\/12\/revisions"}],"predecessor-version":[{"id":17,"href":"https:\/\/futebolnavitrine.com.br\/es_ar\/wp-json\/wp\/v2\/pages\/12\/revisions\/17"}],"wp:attachment":[{"href":"https:\/\/futebolnavitrine.com.br\/es_ar\/wp-json\/wp\/v2\/media?parent=12"}],"curies":[{"name":"wp","href":"https:\/\/api.w.org\/{rel}","templated":true}]}}