{"id":12,"date":"2023-10-09T10:54:54","date_gmt":"2023-10-09T13:54:54","guid":{"rendered":"https:\/\/futebolnavitrine.com.br\/?page_id=12"},"modified":"2023-10-09T10:54:54","modified_gmt":"2023-10-09T13:54:54","slug":"termos-e-condicoes","status":"publish","type":"page","link":"https:\/\/futebolnavitrine.com.br\/it\/termos-e-condicoes\/","title":{"rendered":"Termini e Condizioni"},"content":{"rendered":"<html><body><h2><span style=\"color: #444444;\">1. termini<\/span><\/h2>\n<p><span style=\"color: #444444;\">Quando si accede al sito <a href=\"https:\/\/futebolnavitrine.com.br\/it\/\">Il calcio in vetrina<\/a>Se accettate di essere vincolati da questi termini di servizio, accettate di rispettare tutte le leggi e i regolamenti applicabili e accettate di essere responsabili del rispetto di tutte le leggi locali applicabili. Se non accettate uno qualsiasi di questi termini, vi \u00e8 vietato utilizzare o accedere a questo sito. I materiali contenuti in questo sito sono protetti dalle leggi vigenti in materia di copyright e marchi di fabbrica.<\/span><\/p>\n<h2><span style=\"color: #444444;\">2. Uso della licenza<\/span><\/h2>\n<p><span style=\"color: #444444;\">\u00c8 concesso il permesso di scaricare temporaneamente una copia dei materiali (informazioni o software) presenti sul sito web di Futebol Na Vitrine solo per uso personale, non commerciale e transitorio. Questa \u00e8 una concessione di licenza, non un trasferimento di titolo, e in base a questa licenza non si pu\u00f2:\u00a0<\/span><\/p>\n<ol>\n<li><span style=\"color: #444444;\">modificare o copiare i materiali;\u00a0<\/span><\/li>\n<li><span style=\"color: #444444;\">utilizzare i materiali per qualsiasi scopo commerciale o per la visualizzazione pubblica (commerciale o non commerciale);\u00a0<\/span><\/li>\n<li><span style=\"color: #444444;\">tentare di decompilare o decodificare qualsiasi software contenuto nel sito web di Futebol Na Vitrine;\u00a0<\/span><\/li>\n<li><span style=\"color: #444444;\">rimuovere qualsiasi nota di copyright o di altri diritti di propriet\u00e0 dai materiali; oppure\u00a0<\/span><\/li>\n<li><span style=\"color: #444444;\">transferir os materiais para outra pessoa ou \u2018espelhe\u2019 os materiais em qualquer outro servidor.<\/span><\/li>\n<\/ol>\n<p><span style=\"color: #444444;\">Questa licenza termina automaticamente se l'utente viola una qualsiasi di queste restrizioni e pu\u00f2 essere revocata da Futebol Na Vitrine in qualsiasi momento. Al termine della visione di questi materiali o alla cessazione della presente licenza, l'utente dovr\u00e0 cancellare tutti i materiali scaricati in suo possesso, sia in formato elettronico che cartaceo.<\/span><\/p>\n<h2><span style=\"color: #444444;\">3. Esclusione di responsabilit\u00e0<\/span><\/h2>\n<ol>\n<li><span style=\"color: #444444;\">Os materiais no site da Futebol Na Vitrine s\u00e3o fornecidos \u2018como est\u00e3o\u2019. Futebol Na Vitrine n\u00e3o oferece garantias, expressas ou impl\u00edcitas, e, por este meio, isenta e nega todas as outras garantias, incluindo, sem limita\u00e7\u00e3o, garantias impl\u00edcitas ou condi\u00e7\u00f5es de comercializa\u00e7\u00e3o, adequa\u00e7\u00e3o a um fim espec\u00edfico ou n\u00e3o viola\u00e7\u00e3o de propriedade intelectual ou outra viola\u00e7\u00e3o de direitos.<\/span><\/li>\n<li><span style=\"color: #444444;\">Inoltre, Futebol Na Vitrine non garantisce n\u00e9 rilascia alcuna dichiarazione in merito all'accuratezza, ai risultati probabili o all'affidabilit\u00e0 dell'uso dei materiali presenti sul proprio sito Internet o altrimenti relativi a tali materiali o a qualsiasi sito collegato a questo sito.<\/span><\/li>\n<\/ol>\n<h2><span style=\"color: #444444;\">4. Limitazioni<\/span><\/h2>\n<p><span style=\"color: #444444;\">In nessun caso Futebol Na Vitrine o i suoi fornitori saranno responsabili per eventuali danni (inclusi, senza limitazioni, danni per perdita di dati o profitti, o a causa di interruzione dell'attivit\u00e0) derivanti dall'uso o dall'impossibilit\u00e0 di utilizzare i materiali presenti su Futebol Na Vitrine, anche se Futebol Na Vitrine o un rappresentante autorizzato di Futebol Na Vitrine \u00e8 stato avvisato oralmente o per iscritto della possibilit\u00e0 di tali danni. Poich\u00e9 alcune giurisdizioni non consentono limitazioni di garanzie implicite o limitazioni di responsabilit\u00e0 per danni conseguenti o accidentali, tali limitazioni potrebbero non essere applicabili.<\/span><\/p>\n<h2><span style=\"color: #444444;\">5. Accuratezza dei materiali<\/span><\/h2>\n<p><span style=\"color: #444444;\">I materiali presenti sul sito web di Futebol Na Vitrine potrebbero includere errori tecnici, tipografici o fotografici. Futebol Na Vitrine non garantisce che i materiali presenti sul suo sito web siano accurati, completi o aggiornati. Futebol Na Vitrine pu\u00f2 apportare modifiche ai materiali contenuti nel suo sito web in qualsiasi momento senza preavviso. Tuttavia, Futebol Na Vitrine non si impegna ad aggiornare i materiali.<\/span><\/p>\n<h2><span style=\"color: #444444;\">6. Collegamenti<\/span><\/h2>\n<p><span style=\"color: #444444;\">Futebol Na Vitrine non ha analizzato tutti i siti collegati al suo sito web e non \u00e8 responsabile del contenuto di alcun sito collegato. L'inclusione di qualsiasi link non implica l'approvazione del sito da parte di Futebol Na Vitrine. L'uso di qualsiasi sito collegato \u00e8 a rischio dell'utente.<\/span><\/p>\n<p>\u00a0<\/p>\n<h3><span style=\"color: #444444;\">Modifiche<\/span><\/h3>\n<p><span style=\"color: #444444;\">Futebol Na Vitrine pu\u00f2 rivedere queste condizioni di servizio in qualsiasi momento senza preavviso. Utilizzando questo sito, l'utente accetta di essere vincolato dalla versione corrente di questi termini di servizio.<\/span><\/p>\n<h3><span style=\"color: #444444;\">Legge applicabile<\/span><\/h3>\n<p><span style=\"color: #444444;\">I presenti termini e condizioni sono disciplinati e interpretati in conformit\u00e0 alle leggi di Futebol Na Vitrine e l'utente si sottopone irrevocabilmente alla giurisdizione esclusiva dei tribunali di tale stato o localit\u00e0.<\/span><\/p>\n<\/body><\/html>","protected":false},"excerpt":{"rendered":"<p>1. Termos Ao acessar ao site Futebol Na Vitrine, concorda em cumprir estes termos de servi\u00e7o, todas as leis e regulamentos aplic\u00e1veis \u200b\u200be concorda que \u00e9 respons\u00e1vel pelo cumprimento de todas as leis locais aplic\u00e1veis. Se voc\u00ea n\u00e3o concordar com algum desses termos, est\u00e1 proibido de usar ou acessar este site. Os materiais contidos neste [&hellip;]<\/p>\n","protected":false},"author":5,"featured_media":0,"parent":0,"menu_order":200,"comment_status":"closed","ping_status":"closed","template":"","meta":{"footnotes":""},"class_list":["post-12","page","type-page","status-publish","hentry"],"_links":{"self":[{"href":"https:\/\/futebolnavitrine.com.br\/it\/wp-json\/wp\/v2\/pages\/12","targetHints":{"allow":["GET"]}}],"collection":[{"href":"https:\/\/futebolnavitrine.com.br\/it\/wp-json\/wp\/v2\/pages"}],"about":[{"href":"https:\/\/futebolnavitrine.com.br\/it\/wp-json\/wp\/v2\/types\/page"}],"author":[{"embeddable":true,"href":"https:\/\/futebolnavitrine.com.br\/it\/wp-json\/wp\/v2\/users\/5"}],"replies":[{"embeddable":true,"href":"https:\/\/futebolnavitrine.com.br\/it\/wp-json\/wp\/v2\/comments?post=12"}],"version-history":[{"count":1,"href":"https:\/\/futebolnavitrine.com.br\/it\/wp-json\/wp\/v2\/pages\/12\/revisions"}],"predecessor-version":[{"id":17,"href":"https:\/\/futebolnavitrine.com.br\/it\/wp-json\/wp\/v2\/pages\/12\/revisions\/17"}],"wp:attachment":[{"href":"https:\/\/futebolnavitrine.com.br\/it\/wp-json\/wp\/v2\/media?parent=12"}],"curies":[{"name":"wp","href":"https:\/\/api.w.org\/{rel}","templated":true}]}}